{"id":875,"date":"2017-01-27T17:07:44","date_gmt":"2017-01-27T16:07:44","guid":{"rendered":"http:\/\/www.bookogami.de\/online-shop\/?post_type=product&#038;p=875"},"modified":"2020-09-07T08:29:49","modified_gmt":"2020-09-07T06:29:49","slug":"workshop-papiervoegel","status":"publish","type":"product","link":"https:\/\/www.bookogami.de\/online-shop\/produkt\/workshop-papiervoegel\/","title":{"rendered":"Workshop: Papierv\u00f6gel"},"content":{"rendered":"<p>Papierv\u00f6gel<br \/>\nWir lassen die sch\u00f6nsten Papierv\u00f6gel um die Wette zwitschern! Am Ende des Kurses ist jeder Teilnehmer in der Lage, aus alten Buchseiten und Draht eine fr\u00f6hliche Vogelschar zu gestalten und die Technik f\u00fcr sich individuell weiterzuentwickeln und zu variieren.<\/p>\n<p>Lernen Sie in angenehmer Atmosph\u00e4re gemeinsam mit anderen, wie aus alten Buchseiten und Draht fr\u00f6hliche Vogelgesellen f\u00fcr Ihr Zuhause entstehen.<br \/>\nWir starten nach einer kleinen Materialkunde mit einem Vogel. Tipps und Kniffe helfen, die anleitungen umzusetzen.<br \/>\nVorkenntnisse sind nicht erforderlich. Der Workshop ist auch f\u00fcr Anf\u00e4nger geeignet. Alle Werkzeuge und Materialien werden gestellt.<br \/>\nJeder Teilnehmer nimmt am Ende des Kurses seinen Vogel mit und ist in der Lage, zu Hause weitere V\u00f6gel zu entwickeln.<\/p>\n<p>Samstag, 10.06.2017 09.30 bis 13.00 Uhr \/ 14.00 bis 17.15 Uhr (10 Unterrichtsstunden)<\/p>\n<p>Kosten: 145,- Euro inkl. Material, Getr\u00e4nke und Geb\u00e4ck<\/p>\n<p>Anmeldung: Sie k\u00f6nnen sich mit diesem Formular f\u00fcr den Workshop anmelden.<br \/>\nDie Anmeldung ist verbindlich. Nach Eingang der Anmeldung erhalten Sie eine automatische Best\u00e4tigung per E-Mail.<\/p>\n","protected":false},"excerpt":{"rendered":"<p>Papierv\u00f6gel Wir lassen die sch\u00f6nsten Papierv\u00f6gel um die Wette zwitschern! Am Ende des Kurses ist jeder Teilnehmer in der Lage, aus alten Buchseiten und Draht eine fr\u00f6hliche Vogelschar zu gestalten und die Technik f\u00fcr sich individuell weiterzuentwickeln und zu variieren. Lernen Sie in angenehmer Atmosph\u00e4re gemeinsam mit anderen, wie aus alten Buchseiten und Draht fr\u00f6hliche Vogelgesellen f\u00fcr Ihr Zuhause entstehen. Wir starten nach einer kleinen Materialkunde mit einem Vogel. Tipps und Kniffe helfen, die anleitungen umzusetzen. Vorkenntnisse sind nicht erforderlich. Der Workshop ist auch f\u00fcr Anf\u00e4nger geeignet. Alle Werkzeuge und Materialien werden gestellt. Jeder Teilnehmer nimmt am Ende des Kurses seinen Vogel mit und ist in der Lage, zu Hause weitere V\u00f6gel zu entwickeln. Samstag, 10.06.2017 09.30 bis 13.00 Uhr \/ 14.00 bis 17.15 Uhr (10 Unterrichtsstunden) Kosten: 145,- Euro inkl. Material, Getr\u00e4nke und Geb\u00e4ck Anmeldung: Sie k\u00f6nnen sich mit diesem Formular f\u00fcr den Workshop anmelden. Die Anmeldung ist verbindlich. Nach Eingang der Anmeldung erhalten Sie eine automatische Best\u00e4tigung per E-Mail.<\/p>\n","protected":false},"featured_media":876,"comment_status":"closed","ping_status":"closed","template":"","meta":{"spay_email":""},"product_cat":[126],"product_tag":[],"_links":{"self":[{"href":"https:\/\/www.bookogami.de\/online-shop\/wp-json\/wp\/v2\/product\/875"}],"collection":[{"href":"https:\/\/www.bookogami.de\/online-shop\/wp-json\/wp\/v2\/product"}],"about":[{"href":"https:\/\/www.bookogami.de\/online-shop\/wp-json\/wp\/v2\/types\/product"}],"replies":[{"embeddable":true,"href":"https:\/\/www.bookogami.de\/online-shop\/wp-json\/wp\/v2\/comments?post=875"}],"wp:featuredmedia":[{"embeddable":true,"href":"https:\/\/www.bookogami.de\/online-shop\/wp-json\/wp\/v2\/media\/876"}],"wp:attachment":[{"href":"https:\/\/www.bookogami.de\/online-shop\/wp-json\/wp\/v2\/media?parent=875"}],"wp:term":[{"taxonomy":"product_cat","embeddable":true,"href":"https:\/\/www.bookogami.de\/online-shop\/wp-json\/wp\/v2\/product_cat?post=875"},{"taxonomy":"product_tag","embeddable":true,"href":"https:\/\/www.bookogami.de\/online-shop\/wp-json\/wp\/v2\/product_tag?post=875"}],"curies":[{"name":"wp","href":"https:\/\/api.w.org\/{rel}","templated":true}]}}