{"id":533,"date":"2021-01-16T13:17:55","date_gmt":"2021-01-16T12:17:55","guid":{"rendered":"http:\/\/www.bookogami.de\/online-shop\/?post_type=product&#038;p=533"},"modified":"2025-12-01T22:34:04","modified_gmt":"2025-12-01T21:34:04","slug":"papier-objekte-aus-alten-buechern","status":"publish","type":"product","link":"https:\/\/www.bookogami.de\/online-shop\/produkt\/papier-objekte-aus-alten-buechern\/","title":{"rendered":"\u00bbPapier-Objekte aus alten B\u00fcchern\u00ab"},"content":{"rendered":"<p>Was tun mit ausrangierten B\u00fcchern? \u00abPapier-Objekte aus alten B\u00fcchern\u00bb zeigt 55 Ideen, wie alten Buchseiten neues Leben eingehaucht werden kann. Es wird geschnitten, geklebt, gerollt und gefaltet. Aus den alten Buchseiten entstehen schmucke Collagen zum Aufkleben, raffinierte Himmeli-Ornamente zum Aufh\u00e4ngen, h\u00fcbsches Papier-Porzellan und -Besteck und kunstvoll gefaltete B\u00fccher zum Ausstellen.<br \/>\nJedes Kapitel beginnt mit einfachen Objekten. Der Schwierigkeitsgrad steigt von Projekt zu Projekt. Neben illustrierten Schritt-f\u00fcr-Schritt-Anleitungen enthalten die einzelnen Kapitel auch weiterf\u00fchrende Inspirationen und Projektideen. Zahlreiche Kopiervorlagen f\u00fcr die Projekte erg\u00e4nzen das Buch.<\/p>\n<p>Anka Br\u00fcggemann: Papier-Objekte aus alten B\u00fcchern<br \/>\n1. Auflage 2015, 168 Seiten, durchgehend farbige Abbildungen,\u00a0Klappenbroschur, Format\u00a023,5\u00a0x\u00a026 cm.<br \/>\nHaupt Verlag<br \/>\nISBN: 978-3-258-60123-6<\/p>\n<p>Exklusiv gibt es zu jedem Buch gratis ein ExLibris dazu.\u00a0Es ist selbstklebend, beschreib- und bestempelbar.<\/p>\n<p>Auf Wunsch liefern wir das Buch mit pers\u00f6nlicher Widmung der Autorin.<\/p>\n","protected":false},"excerpt":{"rendered":"<p><span style=\"font-size: 12pt;\"><strong>Kreativbuch<\/strong><\/span><br \/>\n<span style=\"font-size: 12pt;\"><strong>\u00bbPapier-Objekte aus alten B\u00fcchern\u00ab<\/strong><\/span><\/p>\n","protected":false},"featured_media":984,"comment_status":"closed","ping_status":"closed","template":"","meta":{"spay_email":""},"product_cat":[102],"product_tag":[49,134,135,136],"_links":{"self":[{"href":"https:\/\/www.bookogami.de\/online-shop\/wp-json\/wp\/v2\/product\/533"}],"collection":[{"href":"https:\/\/www.bookogami.de\/online-shop\/wp-json\/wp\/v2\/product"}],"about":[{"href":"https:\/\/www.bookogami.de\/online-shop\/wp-json\/wp\/v2\/types\/product"}],"replies":[{"embeddable":true,"href":"https:\/\/www.bookogami.de\/online-shop\/wp-json\/wp\/v2\/comments?post=533"}],"wp:featuredmedia":[{"embeddable":true,"href":"https:\/\/www.bookogami.de\/online-shop\/wp-json\/wp\/v2\/media\/984"}],"wp:attachment":[{"href":"https:\/\/www.bookogami.de\/online-shop\/wp-json\/wp\/v2\/media?parent=533"}],"wp:term":[{"taxonomy":"product_cat","embeddable":true,"href":"https:\/\/www.bookogami.de\/online-shop\/wp-json\/wp\/v2\/product_cat?post=533"},{"taxonomy":"product_tag","embeddable":true,"href":"https:\/\/www.bookogami.de\/online-shop\/wp-json\/wp\/v2\/product_tag?post=533"}],"curies":[{"name":"wp","href":"https:\/\/api.w.org\/{rel}","templated":true}]}}